{"id":2312,"date":"2024-04-19T02:27:34","date_gmt":"2024-04-19T02:27:34","guid":{"rendered":"https:\/\/prisedujour.com\/product\/prise-du-jour-cap-black-white-logo\/"},"modified":"2024-04-19T02:29:07","modified_gmt":"2024-04-19T02:29:07","slug":"prise-du-jour-cap-black-white-logo","status":"publish","type":"product","link":"https:\/\/prisedujour.com\/fr\/produit\/prise-du-jour-cap-black-white-logo\/","title":{"rendered":"Casquette Prise du Jour Noir Logo Blanc"},"content":{"rendered":"<p>Ic\u00f4ne de la garde-robe, la casquette de baseball discr\u00e8te est d\u00e9sormais \u00e0 vous de personnaliser. Fabriqu\u00e9e en coton 100%, cette casquette structur\u00e9e \u00e0 6 panneaux pr\u00e9sente le look discret embl\u00e9matique qui l&#039;a rendue c\u00e9l\u00e8bre en dehors du terrain. Ajoutez vos propres cr\u00e9ations et incitez la foule \u00e0 se d\u00e9cha\u00eener pendant que vous frappez le parc, dans un style personnalis\u00e9. <\/p>\n<p>.: Serg\u00e9 de coton 100%<br \/>.: Structur\u00e9, taille basse<br \/>.: Fermeture Velcro\u00ae r\u00e9glable<\/p>","protected":false},"excerpt":{"rendered":"<p>A wardrobe icon, the low-profile baseball cap is now yours to customize. Made with 100% cotton, this 6-panel, structured cap features the signature low-profile look that made it famous outside the field. Add your own designs and get the crowd to go wild as you knock it out the park, in custom style. .: 100% [&hellip;]<\/p>\n","protected":false},"featured_media":2316,"comment_status":"open","ping_status":"closed","template":"","meta":{"nf_dc_page":"","om_disable_all_campaigns":false,"_monsterinsights_skip_tracking":false,"_monsterinsights_sitenote_active":false,"_monsterinsights_sitenote_note":"","_monsterinsights_sitenote_category":0},"product_brand":[],"product_cat":[154],"product_tag":[],"class_list":{"0":"post-2312","1":"product","2":"type-product","3":"status-publish","4":"has-post-thumbnail","6":"product_cat-uncategorized","8":"first","9":"instock","10":"taxable","11":"shipping-taxable","12":"purchasable","13":"product-type-variable","14":"has-default-attributes"},"aioseo_notices":[],"jetpack-related-posts":[],"jetpack_sharing_enabled":true,"_links":{"self":[{"href":"https:\/\/prisedujour.com\/fr\/wp-json\/wp\/v2\/product\/2312","targetHints":{"allow":["GET"]}}],"collection":[{"href":"https:\/\/prisedujour.com\/fr\/wp-json\/wp\/v2\/product"}],"about":[{"href":"https:\/\/prisedujour.com\/fr\/wp-json\/wp\/v2\/types\/product"}],"replies":[{"embeddable":true,"href":"https:\/\/prisedujour.com\/fr\/wp-json\/wp\/v2\/comments?post=2312"}],"wp:featuredmedia":[{"embeddable":true,"href":"https:\/\/prisedujour.com\/fr\/wp-json\/wp\/v2\/media\/2316"}],"wp:attachment":[{"href":"https:\/\/prisedujour.com\/fr\/wp-json\/wp\/v2\/media?parent=2312"}],"wp:term":[{"taxonomy":"product_brand","embeddable":true,"href":"https:\/\/prisedujour.com\/fr\/wp-json\/wp\/v2\/product_brand?post=2312"},{"taxonomy":"product_cat","embeddable":true,"href":"https:\/\/prisedujour.com\/fr\/wp-json\/wp\/v2\/product_cat?post=2312"},{"taxonomy":"product_tag","embeddable":true,"href":"https:\/\/prisedujour.com\/fr\/wp-json\/wp\/v2\/product_tag?post=2312"}],"curies":[{"name":"wp","href":"https:\/\/api.w.org\/{rel}","templated":true}]}}