{"id":2211,"date":"2024-03-08T16:15:17","date_gmt":"2024-03-08T16:15:17","guid":{"rendered":"https:\/\/prisedujour.com\/product\/mens-sports-t-shirt-prise-du-jour\/"},"modified":"2024-03-18T12:43:59","modified_gmt":"2024-03-18T12:43:59","slug":"mens-sports-t-shirt-prise-du-jour","status":"publish","type":"product","link":"https:\/\/prisedujour.com\/fr\/produit\/mens-sports-t-shirt-prise-du-jour\/","title":{"rendered":"T-shirt de sport pour hommes | Prix du Jour"},"content":{"rendered":"<p>Ces chemises sont con\u00e7ues pour des performances optimales gr\u00e2ce \u00e0 leur tissu en polyester 100% qui \u00e9vacue l&#039;humidit\u00e9 qui permet \u00e0 la peau de respirer lorsqu&#039;il est temps de faire un effort suppl\u00e9mentaire. Tr\u00e8s confortables gr\u00e2ce \u00e0 leur grande \u00e9lasticit\u00e9, ces chemises sont imprim\u00e9es avec des encres v\u00e9g\u00e9taliennes Eco Passport, certifi\u00e9es par OEKO-TEX. <\/p>\n<p>.: Mat\u00e9riau : polyester 100% qui \u00e9vacue l&#039;humidit\u00e9<br \/>.: Imprim\u00e9 \u00e0 l&#039;aide de la technologie Direct to Film (DTF) <br \/>.: Imprim\u00e9 avec des encres certifi\u00e9es v\u00e9g\u00e9taliennes et Eco Passport by OEKO-TEX<br \/>.: Tissu respirant \u00e0 haute \u00e9lasticit\u00e9<\/p>\n<table id=\"size-guide\" style=\"min-width: 360px\">\n<thead>\n<tr>\n<th style=\"padding: 10px\">&nbsp;<\/th>\n<th style=\"color: #000000;font-weight: 500;text-align: left;font-size: 15px;padding: 10px\">XS<\/th>\n<th style=\"color: #000000;font-weight: 500;text-align: left;font-size: 15px;padding: 10px\">S<\/th>\n<th style=\"color: #000000;font-weight: 500;text-align: left;font-size: 15px;padding: 10px\">M.<\/th>\n<th style=\"color: #000000;font-weight: 500;text-align: left;font-size: 15px;padding: 10px\">L<\/th>\n<th style=\"color: #000000;font-weight: 500;text-align: left;font-size: 15px;padding: 10px\">XL<\/th>\n<th style=\"color: #000000;font-weight: 500;text-align: left;font-size: 15px;padding: 10px\">2XL<\/th>\n<\/tr>\n<\/thead>\n<tbody>\n<tr>\n<td style=\"padding: 10px;color: #525252;font-size: 15px;border-top: 1px solid #ededed\">Largeur, en<\/td>\n<td style=\"padding: 10px;color: #525252;font-size: 15px;border-top: 1px solid #ededed\">16.93<\/td>\n<td style=\"padding: 10px;color: #525252;font-size: 15px;border-top: 1px solid #ededed\">17.91<\/td>\n<td style=\"padding: 10px;color: #525252;font-size: 15px;border-top: 1px solid #ededed\">18.90<\/td>\n<td style=\"padding: 10px;color: #525252;font-size: 15px;border-top: 1px solid #ededed\">19.69<\/td>\n<td style=\"padding: 10px;color: #525252;font-size: 15px;border-top: 1px solid #ededed\">21.26<\/td>\n<td style=\"padding: 10px;color: #525252;font-size: 15px;border-top: 1px solid #ededed\">22.83<\/td>\n<\/tr>\n<tr>\n<td style=\"padding: 10px;color: #525252;font-size: 15px;border-top: 1px solid #ededed\">Longueur, en<\/td>\n<td style=\"padding: 10px;color: #525252;font-size: 15px;border-top: 1px solid #ededed\">24.02<\/td>\n<td style=\"padding: 10px;color: #525252;font-size: 15px;border-top: 1px solid #ededed\">25.98<\/td>\n<td style=\"padding: 10px;color: #525252;font-size: 15px;border-top: 1px solid #ededed\">26.77<\/td>\n<td style=\"padding: 10px;color: #525252;font-size: 15px;border-top: 1px solid #ededed\">27.56<\/td>\n<td style=\"padding: 10px;color: #525252;font-size: 15px;border-top: 1px solid #ededed\">27.95<\/td>\n<td style=\"padding: 10px;color: #525252;font-size: 15px;border-top: 1px solid #ededed\">28.74<\/td>\n<\/tr>\n<\/tbody>\n<\/table>\n<p>&nbsp;<\/p>","protected":false},"excerpt":{"rendered":"<p>These shirts are made for peak performance thanks to their 100% moisture-wicking polyester fabric that keeps the skin breathing when it&#8217;s time to go the extra mile. Highly comfortable due to its high elasticity, these shirts are printed using vegan inks that are Eco Passport, certified by OEKO-TEX. .: Material: 100% moisture-wicking polyester.: Printed using [&hellip;]<\/p>\n","protected":false},"featured_media":2229,"comment_status":"open","ping_status":"closed","template":"","meta":{"nf_dc_page":"","om_disable_all_campaigns":false,"_monsterinsights_skip_tracking":false,"_monsterinsights_sitenote_active":false,"_monsterinsights_sitenote_note":"","_monsterinsights_sitenote_category":0},"product_brand":[],"product_cat":[154],"product_tag":[],"class_list":{"0":"post-2211","1":"product","2":"type-product","3":"status-publish","4":"has-post-thumbnail","6":"product_cat-uncategorized","8":"first","9":"outofstock","10":"taxable","11":"shipping-taxable","12":"purchasable","13":"product-type-variable","14":"has-default-attributes"},"aioseo_notices":[],"jetpack-related-posts":[],"jetpack_sharing_enabled":true,"_links":{"self":[{"href":"https:\/\/prisedujour.com\/fr\/wp-json\/wp\/v2\/product\/2211","targetHints":{"allow":["GET"]}}],"collection":[{"href":"https:\/\/prisedujour.com\/fr\/wp-json\/wp\/v2\/product"}],"about":[{"href":"https:\/\/prisedujour.com\/fr\/wp-json\/wp\/v2\/types\/product"}],"replies":[{"embeddable":true,"href":"https:\/\/prisedujour.com\/fr\/wp-json\/wp\/v2\/comments?post=2211"}],"wp:featuredmedia":[{"embeddable":true,"href":"https:\/\/prisedujour.com\/fr\/wp-json\/wp\/v2\/media\/2229"}],"wp:attachment":[{"href":"https:\/\/prisedujour.com\/fr\/wp-json\/wp\/v2\/media?parent=2211"}],"wp:term":[{"taxonomy":"product_brand","embeddable":true,"href":"https:\/\/prisedujour.com\/fr\/wp-json\/wp\/v2\/product_brand?post=2211"},{"taxonomy":"product_cat","embeddable":true,"href":"https:\/\/prisedujour.com\/fr\/wp-json\/wp\/v2\/product_cat?post=2211"},{"taxonomy":"product_tag","embeddable":true,"href":"https:\/\/prisedujour.com\/fr\/wp-json\/wp\/v2\/product_tag?post=2211"}],"curies":[{"name":"wp","href":"https:\/\/api.w.org\/{rel}","templated":true}]}}