{"id":2184,"date":"2024-03-08T16:13:05","date_gmt":"2024-03-08T16:13:05","guid":{"rendered":"https:\/\/prisedujour.com\/product\/bucket-hat-prise-du-jour\/"},"modified":"2024-03-18T12:44:24","modified_gmt":"2024-03-18T12:44:24","slug":"bucket-hat-prise-du-jour","status":"publish","type":"product","link":"https:\/\/prisedujour.com\/fr\/produit\/bucket-hat-prise-du-jour\/","title":{"rendered":"Chapeau de seau | Prix du Jour"},"content":{"rendered":"<p>Premi\u00e8rement, il prot\u00e9geait les p\u00eacheurs de la pluie dans les ann\u00e9es 1900. D\u00e9sormais, le chapeau bob personnalis\u00e9 fait son chemin au sommet des choix de mode pour tous les \u00e2ges. Choisissez les lignes de couture, ajoutez vos designs et motifs les plus fous sur le chapeau bob et donnez vie \u00e0 un incontournable de la garde-robe moderne. <\/p>\n<p>.: Mat\u00e9riau : polyester 100%<br \/>.: Disponible en 2 tailles<br \/>.: Deux options de couleurs de couture parmi lesquelles choisir<br \/>.: Etiquette cousue<br \/>.: Fabriqu\u00e9 aux \u00c9tats-Unis<\/p>\n<table id=\"size-guide\" style=\"min-width: 360px\">\n<thead>\n<tr>\n<th style=\"padding: 10px\">&nbsp;<\/th>\n<th style=\"color: #000000;font-weight: 500;text-align: left;font-size: 15px;padding: 10px\">Petit<\/th>\n<th style=\"color: #000000;font-weight: 500;text-align: left;font-size: 15px;padding: 10px\">Grand<\/th>\n<\/tr>\n<\/thead>\n<tbody>\n<tr>\n<td style=\"padding: 10px;color: #525252;font-size: 15px;border-top: 1px solid #ededed\">Circonf\u00e9rence, en<\/td>\n<td style=\"padding: 10px;color: #525252;font-size: 15px;border-top: 1px solid #ededed\">22.01<\/td>\n<td style=\"padding: 10px;color: #525252;font-size: 15px;border-top: 1px solid #ededed\">24.02<\/td>\n<\/tr>\n<tr>\n<td style=\"padding: 10px;color: #525252;font-size: 15px;border-top: 1px solid #ededed\">Hauteur de la couronne, en<\/td>\n<td style=\"padding: 10px;color: #525252;font-size: 15px;border-top: 1px solid #ededed\">5.51<\/td>\n<td style=\"padding: 10px;color: #525252;font-size: 15px;border-top: 1px solid #ededed\">5.91<\/td>\n<\/tr>\n<tr>\n<td style=\"padding: 10px;color: #525252;font-size: 15px;border-top: 1px solid #ededed\">Longueur du bord, en<\/td>\n<td style=\"padding: 10px;color: #525252;font-size: 15px;border-top: 1px solid #ededed\">2.17<\/td>\n<td style=\"padding: 10px;color: #525252;font-size: 15px;border-top: 1px solid #ededed\">2.17<\/td>\n<\/tr>\n<\/tbody>\n<\/table>\n<p>&nbsp;<\/p>","protected":false},"excerpt":{"rendered":"<p>First, it protected fishermen from rain in the 1900s. Now, the personalized bucket hat is making its way to the very top of fashion picks for all ages. Choose the seam lines, add your zaniest designs and patterns on the bucket hat and make a modern wardrobe staple come to life. .: Material: 100% polyester.: [&hellip;]<\/p>\n","protected":false},"featured_media":2189,"comment_status":"open","ping_status":"closed","template":"","meta":{"nf_dc_page":"","om_disable_all_campaigns":false,"_monsterinsights_skip_tracking":false,"_monsterinsights_sitenote_active":false,"_monsterinsights_sitenote_note":"","_monsterinsights_sitenote_category":0},"product_brand":[],"product_cat":[154],"product_tag":[],"class_list":{"0":"post-2184","1":"product","2":"type-product","3":"status-publish","4":"has-post-thumbnail","6":"product_cat-uncategorized","8":"first","9":"outofstock","10":"taxable","11":"shipping-taxable","12":"purchasable","13":"product-type-variable","14":"has-default-attributes"},"aioseo_notices":[],"jetpack-related-posts":[],"jetpack_sharing_enabled":true,"_links":{"self":[{"href":"https:\/\/prisedujour.com\/fr\/wp-json\/wp\/v2\/product\/2184","targetHints":{"allow":["GET"]}}],"collection":[{"href":"https:\/\/prisedujour.com\/fr\/wp-json\/wp\/v2\/product"}],"about":[{"href":"https:\/\/prisedujour.com\/fr\/wp-json\/wp\/v2\/types\/product"}],"replies":[{"embeddable":true,"href":"https:\/\/prisedujour.com\/fr\/wp-json\/wp\/v2\/comments?post=2184"}],"wp:featuredmedia":[{"embeddable":true,"href":"https:\/\/prisedujour.com\/fr\/wp-json\/wp\/v2\/media\/2189"}],"wp:attachment":[{"href":"https:\/\/prisedujour.com\/fr\/wp-json\/wp\/v2\/media?parent=2184"}],"wp:term":[{"taxonomy":"product_brand","embeddable":true,"href":"https:\/\/prisedujour.com\/fr\/wp-json\/wp\/v2\/product_brand?post=2184"},{"taxonomy":"product_cat","embeddable":true,"href":"https:\/\/prisedujour.com\/fr\/wp-json\/wp\/v2\/product_cat?post=2184"},{"taxonomy":"product_tag","embeddable":true,"href":"https:\/\/prisedujour.com\/fr\/wp-json\/wp\/v2\/product_tag?post=2184"}],"curies":[{"name":"wp","href":"https:\/\/api.w.org\/{rel}","templated":true}]}}