{"id":2135,"date":"2024-03-08T16:09:20","date_gmt":"2024-03-08T16:09:20","guid":{"rendered":"https:\/\/prisedujour.com\/product\/dad-hat-with-leather-patch-prise-du-jour\/"},"modified":"2024-03-18T12:44:34","modified_gmt":"2024-03-18T12:44:34","slug":"dad-hat-with-leather-patch-prise-du-jour","status":"publish","type":"product","link":"https:\/\/prisedujour.com\/fr\/produit\/dad-hat-with-leather-patch-prise-du-jour\/","title":{"rendered":"Chapeau de papa avec patch en cuir | Prix du Jour"},"content":{"rendered":"<p>Les chapeaux avec patch en cuir sont fabriqu\u00e9s \u00e0 partir de serg\u00e9 chino bio-lav\u00e9 100%. C&#039;est un mat\u00e9riau tr\u00e8s confortable mais robuste qui durera des si\u00e8cles. Le patch en cuir PU 100% constitue une base id\u00e9ale pour imprimer m\u00eame les motifs les plus \u00e9clatants. La forme du chapeau est non structur\u00e9e, \u00e0 six panneaux avec un profil bas et une visi\u00e8re pr\u00e9-incurv\u00e9e \u2013 ce design populaire convient \u00e0 presque tout le monde.<\/p>\n<p>.: Mat\u00e9riaux : coton serg\u00e9 chino bio-lav\u00e9 100% (chapeau), cuir PU 100% (patch)<br \/>.: Non structur\u00e9, \u00e0 six panneaux, discret<br \/>.: Facture pr\u00e9-incurv\u00e9e<br \/>.: Etiquette cousue<br \/>.: Blanc provenant du Bangladesh<br \/>.: Attention ! Lavage \u00e0 la main seulement<\/p>\n<table id=\"size-guide\" style=\"min-width: 360px\">\n<thead>\n<tr>\n<th style=\"padding: 10px\">&nbsp;<\/th>\n<th style=\"color: #000000;font-weight: 500;text-align: left;font-size: 15px;padding: 10px\">Taille unique<\/th>\n<\/tr>\n<\/thead>\n<tbody>\n<tr>\n<td style=\"padding: 10px;color: #525252;font-size: 15px;border-top: 1px solid #ededed\">Circonf\u00e9rence, en<\/td>\n<td style=\"padding: 10px;color: #525252;font-size: 15px;border-top: 1px solid #ededed\">23.82<\/td>\n<\/tr>\n<tr>\n<td style=\"padding: 10px;color: #525252;font-size: 15px;border-top: 1px solid #ededed\">Hauteur de la couronne, en<\/td>\n<td style=\"padding: 10px;color: #525252;font-size: 15px;border-top: 1px solid #ededed\">4.55<\/td>\n<\/tr>\n<tr>\n<td style=\"padding: 10px;color: #525252;font-size: 15px;border-top: 1px solid #ededed\">Longueur du bec, en<\/td>\n<td style=\"padding: 10px;color: #525252;font-size: 15px;border-top: 1px solid #ededed\">2.76<\/td>\n<\/tr>\n<\/tbody>\n<\/table>\n<p>&nbsp;<\/p>","protected":false},"excerpt":{"rendered":"<p>The leather patch hats are made from 100% bio-washed chino twill. It&#8217;s a very comfortable yet sturdy material that will last for ages. The 100% PU leather patch is a great base for printing even the most vibrant designs. The hat&#8217;s shape is unstructured, six-panel with a low profile and a pre-curved bill &ndash; this [&hellip;]<\/p>\n","protected":false},"featured_media":2142,"comment_status":"open","ping_status":"closed","template":"","meta":{"nf_dc_page":"","om_disable_all_campaigns":false,"_monsterinsights_skip_tracking":false,"_monsterinsights_sitenote_active":false,"_monsterinsights_sitenote_note":"","_monsterinsights_sitenote_category":0},"product_brand":[],"product_cat":[154],"product_tag":[],"class_list":{"0":"post-2135","1":"product","2":"type-product","3":"status-publish","4":"has-post-thumbnail","6":"product_cat-uncategorized","8":"first","9":"outofstock","10":"taxable","11":"shipping-taxable","12":"purchasable","13":"product-type-variable","14":"has-default-attributes"},"aioseo_notices":[],"jetpack-related-posts":[],"jetpack_sharing_enabled":true,"_links":{"self":[{"href":"https:\/\/prisedujour.com\/fr\/wp-json\/wp\/v2\/product\/2135","targetHints":{"allow":["GET"]}}],"collection":[{"href":"https:\/\/prisedujour.com\/fr\/wp-json\/wp\/v2\/product"}],"about":[{"href":"https:\/\/prisedujour.com\/fr\/wp-json\/wp\/v2\/types\/product"}],"replies":[{"embeddable":true,"href":"https:\/\/prisedujour.com\/fr\/wp-json\/wp\/v2\/comments?post=2135"}],"wp:featuredmedia":[{"embeddable":true,"href":"https:\/\/prisedujour.com\/fr\/wp-json\/wp\/v2\/media\/2142"}],"wp:attachment":[{"href":"https:\/\/prisedujour.com\/fr\/wp-json\/wp\/v2\/media?parent=2135"}],"wp:term":[{"taxonomy":"product_brand","embeddable":true,"href":"https:\/\/prisedujour.com\/fr\/wp-json\/wp\/v2\/product_brand?post=2135"},{"taxonomy":"product_cat","embeddable":true,"href":"https:\/\/prisedujour.com\/fr\/wp-json\/wp\/v2\/product_cat?post=2135"},{"taxonomy":"product_tag","embeddable":true,"href":"https:\/\/prisedujour.com\/fr\/wp-json\/wp\/v2\/product_tag?post=2135"}],"curies":[{"name":"wp","href":"https:\/\/api.w.org\/{rel}","templated":true}]}}