{"id":2077,"date":"2024-03-08T16:06:08","date_gmt":"2024-03-08T16:06:08","guid":{"rendered":"https:\/\/prisedujour.com\/product\/mens-hoodie-prise-du-jour-white-logo\/"},"modified":"2024-03-18T12:44:45","modified_gmt":"2024-03-18T12:44:45","slug":"mens-hoodie-prise-du-jour-white-logo","status":"publish","type":"product","link":"https:\/\/prisedujour.com\/fr\/produit\/mens-hoodie-prise-du-jour-white-logo\/","title":{"rendered":"Sweat \u00e0 capuche Homme Prix du Jour | Logo blanc"},"content":{"rendered":"<p>Ce sweat-shirt \u00e0 capuche unisexe en m\u00e9lange \u00e9pais est la relaxation elle-m\u00eame. Fabriqu\u00e9 avec un \u00e9pais m\u00e9lange de coton et de polyester, il est moelleux, doux et chaud, un choix parfait pour toute journ\u00e9e froide. Sur le devant, la poche kangourou spacieuse ajoute une fonctionnalit\u00e9 quotidienne tandis que le cordon de serrage de la capuche est de la m\u00eame couleur que le pull de base pour des points de style suppl\u00e9mentaires.<\/p>\n<p>.: Fabriqu\u00e9 avec un tissu moyennement \u00e9pais (8,0 oz\/yd\u00b2 (271 g\/m\u00b2)) compos\u00e9 de coton 50% et de polyester 50% pour la sensation de confort et la chaleur dont vous avez besoin dans un sweat \u00e0 capuche.<br \/>.: La coupe classique, la poche kangourou et l&#039;\u00e9tiquette d\u00e9tachable garantissent un port tr\u00e8s confortable et sans rayures. <br \/>.: Le cordon de serrage de couleur assortie et la capuche \u00e0 double doublure ajoutent une touche d&#039;\u00e9l\u00e9gance et de durabilit\u00e9 qui relient le tout.<br \/>.: Fabriqu\u00e9 \u00e0 partir de coton am\u00e9ricain 100% cultiv\u00e9 de mani\u00e8re \u00e9thique. Gildan est \u00e9galement fier d&#039;\u00eatre membre du US Cotton Trust Protocol, qui garantit des moyens de production \u00e9thiques et durables. Les teintures du tee-shirt vierge sont des teintures certifi\u00e9es OEKO-TEX \u00e0 faible impact environnemental.<br \/>.: M\u00e9langes de tissus : couleurs Heather Sport \u2013 polyester 60%, coton 40%<\/p>\n<table id=\"size-guide\" style=\"min-width: 360px\">\n<thead>\n<tr>\n<th style=\"padding: 10px\">&nbsp;<\/th>\n<th style=\"color: #000000;font-weight: 500;text-align: left;font-size: 15px;padding: 10px\">S<\/th>\n<th style=\"color: #000000;font-weight: 500;text-align: left;font-size: 15px;padding: 10px\">M.<\/th>\n<th style=\"color: #000000;font-weight: 500;text-align: left;font-size: 15px;padding: 10px\">L<\/th>\n<th style=\"color: #000000;font-weight: 500;text-align: left;font-size: 15px;padding: 10px\">XL<\/th>\n<th style=\"color: #000000;font-weight: 500;text-align: left;font-size: 15px;padding: 10px\">2XL<\/th>\n<th style=\"color: #000000;font-weight: 500;text-align: left;font-size: 15px;padding: 10px\">3XL<\/th>\n<\/tr>\n<\/thead>\n<tbody>\n<tr>\n<td style=\"padding: 10px;color: #525252;font-size: 15px;border-top: 1px solid #ededed\">Largeur, en<\/td>\n<td style=\"padding: 10px;color: #525252;font-size: 15px;border-top: 1px solid #ededed\">20.08<\/td>\n<td style=\"padding: 10px;color: #525252;font-size: 15px;border-top: 1px solid #ededed\">22.05<\/td>\n<td style=\"padding: 10px;color: #525252;font-size: 15px;border-top: 1px solid #ededed\">24.02<\/td>\n<td style=\"padding: 10px;color: #525252;font-size: 15px;border-top: 1px solid #ededed\">25.98<\/td>\n<td style=\"padding: 10px;color: #525252;font-size: 15px;border-top: 1px solid #ededed\">27.99<\/td>\n<td style=\"padding: 10px;color: #525252;font-size: 15px;border-top: 1px solid #ededed\">29.92<\/td>\n<\/tr>\n<tr>\n<td style=\"padding: 10px;color: #525252;font-size: 15px;border-top: 1px solid #ededed\">Longueur, en<\/td>\n<td style=\"padding: 10px;color: #525252;font-size: 15px;border-top: 1px solid #ededed\">27.17<\/td>\n<td style=\"padding: 10px;color: #525252;font-size: 15px;border-top: 1px solid #ededed\">27.95<\/td>\n<td style=\"padding: 10px;color: #525252;font-size: 15px;border-top: 1px solid #ededed\">29.13<\/td>\n<td style=\"padding: 10px;color: #525252;font-size: 15px;border-top: 1px solid #ededed\">29.92<\/td>\n<td style=\"padding: 10px;color: #525252;font-size: 15px;border-top: 1px solid #ededed\">31.10<\/td>\n<td style=\"padding: 10px;color: #525252;font-size: 15px;border-top: 1px solid #ededed\">31.89<\/td>\n<\/tr>\n<tr>\n<td style=\"padding: 10px;color: #525252;font-size: 15px;border-top: 1px solid #ededed\">Longueur des manches \u00e0 partir du milieu du dos, en<\/td>\n<td style=\"padding: 10px;color: #525252;font-size: 15px;border-top: 1px solid #ededed\">33.50<\/td>\n<td style=\"padding: 10px;color: #525252;font-size: 15px;border-top: 1px solid #ededed\">34.50<\/td>\n<td style=\"padding: 10px;color: #525252;font-size: 15px;border-top: 1px solid #ededed\">35.50<\/td>\n<td style=\"padding: 10px;color: #525252;font-size: 15px;border-top: 1px solid #ededed\">36.50<\/td>\n<td style=\"padding: 10px;color: #525252;font-size: 15px;border-top: 1px solid #ededed\">37.50<\/td>\n<td style=\"padding: 10px;color: #525252;font-size: 15px;border-top: 1px solid #ededed\">38.50<\/td>\n<\/tr>\n<\/tbody>\n<\/table>\n<p>&nbsp;<\/p>","protected":false},"excerpt":{"rendered":"<p>This unisex heavy blend hooded sweatshirt is relaxation itself. Made with a thick blend of cotton and polyester, it feels plush, soft and warm, a perfect choice for any cold day. In the front, the spacious kangaroo pocket adds daily practicality while the hood&#8217;s drawstring is the same color as the base sweater for extra [&hellip;]<\/p>\n","protected":false},"featured_media":2258,"comment_status":"open","ping_status":"closed","template":"","meta":{"nf_dc_page":"","om_disable_all_campaigns":false,"_monsterinsights_skip_tracking":false,"_monsterinsights_sitenote_active":false,"_monsterinsights_sitenote_note":"","_monsterinsights_sitenote_category":0},"product_brand":[],"product_cat":[154],"product_tag":[],"class_list":{"0":"post-2077","1":"product","2":"type-product","3":"status-publish","4":"has-post-thumbnail","6":"product_cat-uncategorized","8":"first","9":"outofstock","10":"taxable","11":"shipping-taxable","12":"purchasable","13":"product-type-variable","14":"has-default-attributes"},"aioseo_notices":[],"jetpack-related-posts":[],"jetpack_sharing_enabled":true,"_links":{"self":[{"href":"https:\/\/prisedujour.com\/fr\/wp-json\/wp\/v2\/product\/2077","targetHints":{"allow":["GET"]}}],"collection":[{"href":"https:\/\/prisedujour.com\/fr\/wp-json\/wp\/v2\/product"}],"about":[{"href":"https:\/\/prisedujour.com\/fr\/wp-json\/wp\/v2\/types\/product"}],"replies":[{"embeddable":true,"href":"https:\/\/prisedujour.com\/fr\/wp-json\/wp\/v2\/comments?post=2077"}],"wp:featuredmedia":[{"embeddable":true,"href":"https:\/\/prisedujour.com\/fr\/wp-json\/wp\/v2\/media\/2258"}],"wp:attachment":[{"href":"https:\/\/prisedujour.com\/fr\/wp-json\/wp\/v2\/media?parent=2077"}],"wp:term":[{"taxonomy":"product_brand","embeddable":true,"href":"https:\/\/prisedujour.com\/fr\/wp-json\/wp\/v2\/product_brand?post=2077"},{"taxonomy":"product_cat","embeddable":true,"href":"https:\/\/prisedujour.com\/fr\/wp-json\/wp\/v2\/product_cat?post=2077"},{"taxonomy":"product_tag","embeddable":true,"href":"https:\/\/prisedujour.com\/fr\/wp-json\/wp\/v2\/product_tag?post=2077"}],"curies":[{"name":"wp","href":"https:\/\/api.w.org\/{rel}","templated":true}]}}