{"id":1891,"date":"2024-03-08T15:30:44","date_gmt":"2024-03-08T15:30:44","guid":{"rendered":"https:\/\/prisedujour.com\/product\/mens-t-shirt-prise-du-jour-white-logo\/"},"modified":"2024-03-18T12:45:08","modified_gmt":"2024-03-18T12:45:08","slug":"mens-t-shirt-prise-du-jour-white-logo","status":"publish","type":"product","link":"https:\/\/prisedujour.com\/fr\/produit\/mens-t-shirt-prise-du-jour-white-logo\/","title":{"rendered":"T-Shirt Homme Prix du Jour | Logo blanc"},"content":{"rendered":"<p>Le t-shirt unisexe au style doux apporte une nouvelle touche au confort d\u00e9contract\u00e9. Fabriqu\u00e9 \u00e0 partir de mati\u00e8res tr\u00e8s douces, ce t-shirt est en coton 100% pour des couleurs unies. Les couleurs chin\u00e9es et le gris sport incluent du polyester. Les \u00e9paules sont dot\u00e9es d&#039;une bande serg\u00e9e pour une durabilit\u00e9 am\u00e9lior\u00e9e. Il n&#039;y a pas de coutures lat\u00e9rales. Le col est fait de tricot c\u00f4tel\u00e9 pour \u00e9viter les dommages caus\u00e9s par le curling.<\/p>\n<p>.: Fabriqu\u00e9 en coton fil\u00e9 \u00e0 l&#039;anneau 100%, un tissu l\u00e9ger (4,5 oz\/yd\u00b2 (153 g\/m\u00b2)), ce t-shirt unisexe est un bonheur \u00e0 porter toute l&#039;ann\u00e9e. <br \/>.: La coupe classique avec l&#039;encolure ras du cou offre un style \u00e9pur\u00e9 et polyvalent qui peut s&#039;adapter \u00e0 toutes les occasions, qu&#039;elles soient formelles ou semi-formelles. <br \/>.: Toutes les chemises comportent une \u00e9tiquette perl\u00e9e et d\u00e9tachable pour un confort de port total. <br \/>.: Fabriqu\u00e9 \u00e0 partir de coton am\u00e9ricain cultiv\u00e9 et r\u00e9colt\u00e9 de mani\u00e8re \u00e9thique. Gildan est \u00e9galement fier d&#039;\u00eatre membre du US Cotton Trust Protocol, qui garantit des moyens de production \u00e9thiques et durables. Ce t-shirt vierge est certifi\u00e9 par Oeko-Tex pour la s\u00e9curit\u00e9 et l&#039;assurance qualit\u00e9.<br \/>.: M\u00e9langes de tissus : Couleurs chin\u00e9es \u2013 coton fil\u00e9 \u00e0 l\u2019anneau 35%, polyester 65% ; Couleurs Sport Grey et Antique \u2013 coton 90%, polyester 10%, Graphite Heather \u2013 coton fil\u00e9 \u00e0 l&#039;anneau 50%, polyester 50%<\/p>\n<p>&nbsp;<\/p>\n<table id=\"size-guide\" style=\"min-width: 360px\">\n<thead>\n<tr>\n<th style=\"padding: 10px\">&nbsp;<\/th>\n<th style=\"color: #000000;font-weight: 500;text-align: left;font-size: 15px;padding: 10px\">S<\/th>\n<th style=\"color: #000000;font-weight: 500;text-align: left;font-size: 15px;padding: 10px\">M.<\/th>\n<th style=\"color: #000000;font-weight: 500;text-align: left;font-size: 15px;padding: 10px\">L<\/th>\n<th style=\"color: #000000;font-weight: 500;text-align: left;font-size: 15px;padding: 10px\">XL<\/th>\n<th style=\"color: #000000;font-weight: 500;text-align: left;font-size: 15px;padding: 10px\">2XL<\/th>\n<th style=\"color: #000000;font-weight: 500;text-align: left;font-size: 15px;padding: 10px\">3XL<\/th>\n<\/tr>\n<\/thead>\n<tbody>\n<tr>\n<td style=\"padding: 10px;color: #525252;font-size: 15px;border-top: 1px solid #ededed\">Largeur, en<\/td>\n<td style=\"padding: 10px;color: #525252;font-size: 15px;border-top: 1px solid #ededed\">18.00<\/td>\n<td style=\"padding: 10px;color: #525252;font-size: 15px;border-top: 1px solid #ededed\">20.00<\/td>\n<td style=\"padding: 10px;color: #525252;font-size: 15px;border-top: 1px solid #ededed\">22.00<\/td>\n<td style=\"padding: 10px;color: #525252;font-size: 15px;border-top: 1px solid #ededed\">24.00<\/td>\n<td style=\"padding: 10px;color: #525252;font-size: 15px;border-top: 1px solid #ededed\">26.00<\/td>\n<td style=\"padding: 10px;color: #525252;font-size: 15px;border-top: 1px solid #ededed\">28.00<\/td>\n<\/tr>\n<tr>\n<td style=\"padding: 10px;color: #525252;font-size: 15px;border-top: 1px solid #ededed\">Longueur, en<\/td>\n<td style=\"padding: 10px;color: #525252;font-size: 15px;border-top: 1px solid #ededed\">28.00<\/td>\n<td style=\"padding: 10px;color: #525252;font-size: 15px;border-top: 1px solid #ededed\">29.00<\/td>\n<td style=\"padding: 10px;color: #525252;font-size: 15px;border-top: 1px solid #ededed\">30.00<\/td>\n<td style=\"padding: 10px;color: #525252;font-size: 15px;border-top: 1px solid #ededed\">31.00<\/td>\n<td style=\"padding: 10px;color: #525252;font-size: 15px;border-top: 1px solid #ededed\">32.00<\/td>\n<td style=\"padding: 10px;color: #525252;font-size: 15px;border-top: 1px solid #ededed\">33.00<\/td>\n<\/tr>\n<tr>\n<td style=\"padding: 10px;color: #525252;font-size: 15px;border-top: 1px solid #ededed\">Longueur des manches, en<\/td>\n<td style=\"padding: 10px;color: #525252;font-size: 15px;border-top: 1px solid #ededed\">8.23<\/td>\n<td style=\"padding: 10px;color: #525252;font-size: 15px;border-top: 1px solid #ededed\">8.50<\/td>\n<td style=\"padding: 10px;color: #525252;font-size: 15px;border-top: 1px solid #ededed\">8.74<\/td>\n<td style=\"padding: 10px;color: #525252;font-size: 15px;border-top: 1px solid #ededed\">9.02<\/td>\n<td style=\"padding: 10px;color: #525252;font-size: 15px;border-top: 1px solid #ededed\">9.25<\/td>\n<td style=\"padding: 10px;color: #525252;font-size: 15px;border-top: 1px solid #ededed\">9.49<\/td>\n<\/tr>\n<\/tbody>\n<\/table>\n<p>&nbsp;<\/p>","protected":false},"excerpt":{"rendered":"<p>The unisex soft-style t-shirt puts a new spin on casual comfort. Made from very soft materials, this tee is 100% cotton for solid colors. Heather colors and sports grey include polyester. The shoulders have twill tape for improved durability. There are no side seams. The collar is made with ribbed knitting to prevent curling damage. [&hellip;]<\/p>\n","protected":false},"featured_media":1916,"comment_status":"open","ping_status":"closed","template":"","meta":{"nf_dc_page":"","om_disable_all_campaigns":false,"_monsterinsights_skip_tracking":false,"_monsterinsights_sitenote_active":false,"_monsterinsights_sitenote_note":"","_monsterinsights_sitenote_category":0},"product_brand":[],"product_cat":[154],"product_tag":[],"class_list":{"0":"post-1891","1":"product","2":"type-product","3":"status-publish","4":"has-post-thumbnail","6":"product_cat-uncategorized","8":"first","9":"outofstock","10":"taxable","11":"shipping-taxable","12":"purchasable","13":"product-type-variable","14":"has-default-attributes"},"aioseo_notices":[],"jetpack-related-posts":[],"jetpack_sharing_enabled":true,"_links":{"self":[{"href":"https:\/\/prisedujour.com\/fr\/wp-json\/wp\/v2\/product\/1891","targetHints":{"allow":["GET"]}}],"collection":[{"href":"https:\/\/prisedujour.com\/fr\/wp-json\/wp\/v2\/product"}],"about":[{"href":"https:\/\/prisedujour.com\/fr\/wp-json\/wp\/v2\/types\/product"}],"replies":[{"embeddable":true,"href":"https:\/\/prisedujour.com\/fr\/wp-json\/wp\/v2\/comments?post=1891"}],"wp:featuredmedia":[{"embeddable":true,"href":"https:\/\/prisedujour.com\/fr\/wp-json\/wp\/v2\/media\/1916"}],"wp:attachment":[{"href":"https:\/\/prisedujour.com\/fr\/wp-json\/wp\/v2\/media?parent=1891"}],"wp:term":[{"taxonomy":"product_brand","embeddable":true,"href":"https:\/\/prisedujour.com\/fr\/wp-json\/wp\/v2\/product_brand?post=1891"},{"taxonomy":"product_cat","embeddable":true,"href":"https:\/\/prisedujour.com\/fr\/wp-json\/wp\/v2\/product_cat?post=1891"},{"taxonomy":"product_tag","embeddable":true,"href":"https:\/\/prisedujour.com\/fr\/wp-json\/wp\/v2\/product_tag?post=1891"}],"curies":[{"name":"wp","href":"https:\/\/api.w.org\/{rel}","templated":true}]}}