{"id":18,"date":"2021-05-17T21:00:38","date_gmt":"2021-05-17T21:00:38","guid":{"rendered":"http:\/\/box2031.temp.domains\/~priseduj\/?page_id=18"},"modified":"2021-06-16T14:49:56","modified_gmt":"2021-06-16T14:49:56","slug":"about-us","status":"publish","type":"page","link":"https:\/\/prisedujour.com\/fr\/about-us\/","title":{"rendered":"\u00c0 propos de moi"},"content":{"rendered":"<p>Salut! Mon nom est Philippe et je suis un grand fan de plein air et de cuisine. Pour ce blog, j'ai pens\u00e9 \u00e0 combiner mes deux passions en proposant des recettes cr\u00e9atives principalement bas\u00e9es sur des ingr\u00e9dients issus de milieux sauvages. Cependant, j'ai voulu aller encore plus loin en proposant des conseils de substitution d'ingr\u00e9dients dans chaque recette afin de permettre \u00e0 ceux qui ne chassent pas d'en profiter quand-m\u00eame. Les substitutions sont aussi des suggestions d'ingr\u00e9dients que vous pouvez \u00ab\u00a0attraper\u00a0\u00bb \u00e0 votre \u00e9picerie au retour d'une chasse\/p\u00eache infructueuse.<\/p>\n\n\n\n<p>Depuis mon enfance, j'ai toujours \u00e9t\u00e9 passionn\u00e9 par la cuisine et la p\u00eache. Je dois cette passion \u00e0 ma famille qui a su int\u00e9grer ces deux \u00e9l\u00e9ments dans mon \u00e9ducation. Apr\u00e8s avoir termin\u00e9 ma carri\u00e8re de nageur universitaire, j'ai commenc\u00e9 \u00e0 chasser et \u00e0 r\u00e9colter des aliments sauvages. Gr\u00e2ce \u00e0 ces activit\u00e9s, j'ai l'impression d'\u00eatre plus impliqu\u00e9 dans la pr\u00e9paration de mes repas quotidiens. <\/p>\n\n\n\n<p>En dehors de ce blog, je suis un ing\u00e9nieur civil qui poursuit un doctorat \u00e0 l'Universit\u00e9 d'Ottawa. Bien que je ne nage plus, je suis fan de tous les sports et j'opte pour une alimentation naturelle afin de maximiser ma  bonne sant\u00e9.<\/p>\n\n\n\n<p>Et bien sur, je suis un amateur de plein air. Par cons\u00e9quent, j'aime entendre vos histoires et voir vos photos de vos prises et de vos plats. N'h\u00e9sitez pas \u00e0 me les partager sur mon <a href=\"https:\/\/www.instagram.com\/phil.alq\/?hl=en\" target=\"_blank\" rel=\"noreferrer noopener\">instagram<\/a> ou laissez un commentaire sur ce blog !<\/p>\n\n\n\n<div class=\"wp-block-jetpack-slideshow aligncenter\" data-effect=\"slide\"><div class=\"wp-block-jetpack-slideshow_container swiper-container\"><ul class=\"wp-block-jetpack-slideshow_swiper-wrapper swiper-wrapper\"><li class=\"wp-block-jetpack-slideshow_slide swiper-slide\"><figure><img data-recalc-dims=\"1\" loading=\"lazy\" decoding=\"async\" width=\"750\" height=\"500\" alt=\"\" class=\"wp-block-jetpack-slideshow_image wp-image-186\" data-id=\"186\" src=\"https:\/\/i0.wp.com\/prisedujour.com\/wp-content\/uploads\/2021\/05\/2020-10-282007.19.46.jpg?resize=750%2C500&#038;ssl=1\" srcset=\"https:\/\/i0.wp.com\/prisedujour.com\/wp-content\/uploads\/2021\/05\/2020-10-282007.19.46-scaled.jpg?resize=1024%2C683&amp;ssl=1 1024w, https:\/\/i0.wp.com\/prisedujour.com\/wp-content\/uploads\/2021\/05\/2020-10-282007.19.46-scaled.jpg?resize=300%2C200&amp;ssl=1 300w, https:\/\/i0.wp.com\/prisedujour.com\/wp-content\/uploads\/2021\/05\/2020-10-282007.19.46-scaled.jpg?resize=768%2C512&amp;ssl=1 768w, https:\/\/i0.wp.com\/prisedujour.com\/wp-content\/uploads\/2021\/05\/2020-10-282007.19.46-scaled.jpg?resize=1536%2C1024&amp;ssl=1 1536w, https:\/\/i0.wp.com\/prisedujour.com\/wp-content\/uploads\/2021\/05\/2020-10-282007.19.46-scaled.jpg?resize=2048%2C1365&amp;ssl=1 2048w, https:\/\/i0.wp.com\/prisedujour.com\/wp-content\/uploads\/2021\/05\/2020-10-282007.19.46-scaled.jpg?resize=16%2C12&amp;ssl=1 16w, https:\/\/i0.wp.com\/prisedujour.com\/wp-content\/uploads\/2021\/05\/2020-10-282007.19.46-scaled.jpg?resize=750%2C500&amp;ssl=1 750w, https:\/\/i0.wp.com\/prisedujour.com\/wp-content\/uploads\/2021\/05\/2020-10-282007.19.46-scaled.jpg?resize=75%2C50&amp;ssl=1 75w, https:\/\/i0.wp.com\/prisedujour.com\/wp-content\/uploads\/2021\/05\/2020-10-282007.19.46-scaled.jpg?w=2250&amp;ssl=1 2250w\" sizes=\"(max-width: 750px) 100vw, 750px\" \/><\/figure><\/li><li class=\"wp-block-jetpack-slideshow_slide swiper-slide\"><figure><img data-recalc-dims=\"1\" loading=\"lazy\" decoding=\"async\" width=\"750\" height=\"1000\" alt=\"\" class=\"wp-block-jetpack-slideshow_image wp-image-222\" data-id=\"222\" src=\"https:\/\/i0.wp.com\/prisedujour.com\/wp-content\/uploads\/2021\/06\/uWWdhJ1Q.jpeg?resize=750%2C1000&#038;ssl=1\" srcset=\"https:\/\/i0.wp.com\/prisedujour.com\/wp-content\/uploads\/2021\/06\/uWWdhJ1Q-scaled.jpeg?resize=768%2C1024&amp;ssl=1 768w, https:\/\/i0.wp.com\/prisedujour.com\/wp-content\/uploads\/2021\/06\/uWWdhJ1Q-scaled.jpeg?resize=225%2C300&amp;ssl=1 225w, https:\/\/i0.wp.com\/prisedujour.com\/wp-content\/uploads\/2021\/06\/uWWdhJ1Q-scaled.jpeg?resize=1152%2C1536&amp;ssl=1 1152w, https:\/\/i0.wp.com\/prisedujour.com\/wp-content\/uploads\/2021\/06\/uWWdhJ1Q-scaled.jpeg?resize=1536%2C2048&amp;ssl=1 1536w, https:\/\/i0.wp.com\/prisedujour.com\/wp-content\/uploads\/2021\/06\/uWWdhJ1Q-scaled.jpeg?resize=9%2C12&amp;ssl=1 9w, https:\/\/i0.wp.com\/prisedujour.com\/wp-content\/uploads\/2021\/06\/uWWdhJ1Q-scaled.jpeg?resize=750%2C1000&amp;ssl=1 750w, https:\/\/i0.wp.com\/prisedujour.com\/wp-content\/uploads\/2021\/06\/uWWdhJ1Q-scaled.jpeg?w=1920&amp;ssl=1 1920w\" sizes=\"(max-width: 750px) 100vw, 750px\" \/><\/figure><\/li><li class=\"wp-block-jetpack-slideshow_slide swiper-slide\"><figure><img data-recalc-dims=\"1\" decoding=\"async\" alt=\"\" class=\"wp-block-jetpack-slideshow_image wp-image-191\" data-id=\"191\" src=\"https:\/\/i0.wp.com\/prisedujour.com\/wp-content\/uploads\/2021\/05\/IMG_6332.jpg?w=750&#038;ssl=1\"\/><\/figure><\/li><li class=\"wp-block-jetpack-slideshow_slide swiper-slide\"><figure><img data-recalc-dims=\"1\" loading=\"lazy\" decoding=\"async\" width=\"750\" height=\"625\" alt=\"\" class=\"wp-block-jetpack-slideshow_image wp-image-185\" data-id=\"185\" src=\"https:\/\/i0.wp.com\/prisedujour.com\/wp-content\/uploads\/2021\/05\/2020-10-282007.05.50.jpg?resize=750%2C625&#038;ssl=1\" srcset=\"https:\/\/i0.wp.com\/prisedujour.com\/wp-content\/uploads\/2021\/05\/2020-10-282007.05.50-scaled.jpg?resize=1024%2C853&amp;ssl=1 1024w, https:\/\/i0.wp.com\/prisedujour.com\/wp-content\/uploads\/2021\/05\/2020-10-282007.05.50-scaled.jpg?resize=300%2C250&amp;ssl=1 300w, https:\/\/i0.wp.com\/prisedujour.com\/wp-content\/uploads\/2021\/05\/2020-10-282007.05.50-scaled.jpg?resize=768%2C640&amp;ssl=1 768w, https:\/\/i0.wp.com\/prisedujour.com\/wp-content\/uploads\/2021\/05\/2020-10-282007.05.50-scaled.jpg?resize=1536%2C1279&amp;ssl=1 1536w, https:\/\/i0.wp.com\/prisedujour.com\/wp-content\/uploads\/2021\/05\/2020-10-282007.05.50-scaled.jpg?resize=2048%2C1706&amp;ssl=1 2048w, https:\/\/i0.wp.com\/prisedujour.com\/wp-content\/uploads\/2021\/05\/2020-10-282007.05.50-scaled.jpg?resize=14%2C12&amp;ssl=1 14w, https:\/\/i0.wp.com\/prisedujour.com\/wp-content\/uploads\/2021\/05\/2020-10-282007.05.50-scaled.jpg?resize=750%2C625&amp;ssl=1 750w, https:\/\/i0.wp.com\/prisedujour.com\/wp-content\/uploads\/2021\/05\/2020-10-282007.05.50-scaled.jpg?w=2250&amp;ssl=1 2250w\" sizes=\"(max-width: 750px) 100vw, 750px\" \/><\/figure><\/li><li class=\"wp-block-jetpack-slideshow_slide swiper-slide\"><figure><img data-recalc-dims=\"1\" loading=\"lazy\" decoding=\"async\" width=\"750\" height=\"1008\" alt=\"\" class=\"wp-block-jetpack-slideshow_image wp-image-190\" data-id=\"190\" src=\"https:\/\/i0.wp.com\/prisedujour.com\/wp-content\/uploads\/2021\/05\/IMG_1593.jpg?resize=750%2C1008&#038;ssl=1\" srcset=\"https:\/\/i0.wp.com\/prisedujour.com\/wp-content\/uploads\/2021\/05\/IMG_1593.jpg?w=750&amp;ssl=1 750w, https:\/\/i0.wp.com\/prisedujour.com\/wp-content\/uploads\/2021\/05\/IMG_1593.jpg?resize=223%2C300&amp;ssl=1 223w, https:\/\/i0.wp.com\/prisedujour.com\/wp-content\/uploads\/2021\/05\/IMG_1593.jpg?resize=9%2C12&amp;ssl=1 9w\" sizes=\"(max-width: 750px) 100vw, 750px\" \/><\/figure><\/li><li class=\"wp-block-jetpack-slideshow_slide swiper-slide\"><figure><img data-recalc-dims=\"1\" decoding=\"async\" alt=\"\" class=\"wp-block-jetpack-slideshow_image wp-image-189\" data-id=\"189\" src=\"https:\/\/i0.wp.com\/prisedujour.com\/wp-content\/uploads\/2021\/05\/IMG_1246.jpg?w=750&#038;ssl=1\"\/><\/figure><\/li><\/ul><a class=\"wp-block-jetpack-slideshow_button-prev swiper-button-prev swiper-button-white\" role=\"button\"><\/a><a class=\"wp-block-jetpack-slideshow_button-next swiper-button-next swiper-button-white\" role=\"button\"><\/a><a aria-label=\"Suspendre le diaporama\" class=\"wp-block-jetpack-slideshow_button-pause\" role=\"button\"><\/a><div class=\"wp-block-jetpack-slideshow_pagination swiper-pagination swiper-pagination-white\"><\/div><\/div><\/div>","protected":false},"excerpt":{"rendered":"<p>Hey! I&#8217;m Philippe. I am a great fan of the outdoors and cooking. Through this blog, I thought of combining the two by proposing creative recipes that primarily can be made with wild ingredients. However, I wanted to go even further and propose ingredient substitutions in all my recipes so people who do not fish, [&hellip;]<\/p>\n","protected":false},"author":1,"featured_media":0,"parent":0,"menu_order":0,"comment_status":"closed","ping_status":"closed","template":"","meta":{"nf_dc_page":"","om_disable_all_campaigns":false,"_monsterinsights_skip_tracking":false,"_monsterinsights_sitenote_active":false,"_monsterinsights_sitenote_note":"","_monsterinsights_sitenote_category":0,"footnotes":""},"class_list":["post-18","page","type-page","status-publish","hentry"],"aioseo_notices":[],"jetpack-related-posts":[],"jetpack_sharing_enabled":true,"_links":{"self":[{"href":"https:\/\/prisedujour.com\/fr\/wp-json\/wp\/v2\/pages\/18","targetHints":{"allow":["GET"]}}],"collection":[{"href":"https:\/\/prisedujour.com\/fr\/wp-json\/wp\/v2\/pages"}],"about":[{"href":"https:\/\/prisedujour.com\/fr\/wp-json\/wp\/v2\/types\/page"}],"author":[{"embeddable":true,"href":"https:\/\/prisedujour.com\/fr\/wp-json\/wp\/v2\/users\/1"}],"replies":[{"embeddable":true,"href":"https:\/\/prisedujour.com\/fr\/wp-json\/wp\/v2\/comments?post=18"}],"version-history":[{"count":5,"href":"https:\/\/prisedujour.com\/fr\/wp-json\/wp\/v2\/pages\/18\/revisions"}],"predecessor-version":[{"id":223,"href":"https:\/\/prisedujour.com\/fr\/wp-json\/wp\/v2\/pages\/18\/revisions\/223"}],"wp:attachment":[{"href":"https:\/\/prisedujour.com\/fr\/wp-json\/wp\/v2\/media?parent=18"}],"curies":[{"name":"wp","href":"https:\/\/api.w.org\/{rel}","templated":true}]}}